{"id":33584,"date":"2021-05-26T18:31:59","date_gmt":"2021-05-26T16:31:59","guid":{"rendered":"https:\/\/wolfcamper.com\/nl\/vare\/footprints\/"},"modified":"2026-04-30T16:46:20","modified_gmt":"2026-04-30T14:46:20","slug":"footprints","status":"publish","type":"product","link":"https:\/\/wolfcamper.com\/nl\/product\/footprints\/","title":{"rendered":"Footprints"},"content":{"rendered":"<p>Sneldrogende shirts die het lichaamsvocht perfect afvoeren. Deze shirts zijn gemaakt van Dri-fit\u00ae, verbazingwekkend zacht en comfortabel materiaal. Ze zijn zeer geschikt voor warme weersomstandigheden en actieve bezigheden. Ze hebben een \u201dfit-to-body\u201d vormgeving, maar zitten niet te strak. Ze zijn sneldrogend, eenvoudig te wassen en bijna kreukvrij.<\/p>\n<p>&nbsp;<\/p>\n<p><strong>Polygiene\u00ae<\/strong><\/p>\n<p><em>Draag meer \u2013 was minder!<\/em><\/p>\n<p>Ruikt je kleding altijd snel naar zweet? Polygiene is de oplossing! Zweet op zichzelf stinkt niet. Maar zweet cre\u00ebert wel de omstandigheden waarin die stinkende bacteri\u00ebn zich snel kunnen ontwikkelen. Polygiene voorkomt dat deze bacteri\u00ebn zich ontwikkelen. Hierdoor ruikt je kleding minder snel naar zweet.<\/p>\n<p>Polygiene bestaat uit zilvercloride deeltjes gemaakt uit gerecycled zilver. Polygiene wordt tijdens het kleuren van de shirts toegevoegd. Hierdoor zijn er geen extra grondstoffen nodig voor het toevoegen van Polygiene. Polygiene is een permanente behandeling en blijft intact gedurende de gehele levensduur van het product. Behalve dat je kleding minder snel naar zweet ruikt, bespaar je je wasmachine ook veel werk. 2\/3 van de negatieve effecten van nieuwe kleding is veroorzaakt door het wassen van kleding door consumenten.<\/p>\n<p>Je doet je omgeving dus niet alleen een gunst door minder naar zweet te ruiken, je hebt ook een kleinere impact op het milieu.<\/p>\n","protected":false},"excerpt":{"rendered":"<p>Sneldrogende shirts die het lichaamsvocht perfect afvoeren, gemaakt van Dri-fit\u00ae, Polygiene behandeld, verbazingwekkend zacht en comfortabel materiaal. In meerdere kleuren beschikbaar.<\/p>\n","protected":false},"featured_media":23476,"template":"","meta":{"_acf_changed":false},"product_cat":[765,764,772,781],"product_tag":[],"class_list":{"0":"post-33584","1":"product","2":"type-product","3":"status-publish","4":"has-post-thumbnail","6":"product_cat-herenkleding","7":"product_cat-dameskleding","8":"product_cat-t-shirts-en-poloshirts-dames","9":"product_cat-t-shirts-en-poloshirts","10":"pa_kleur-geel","11":"pa_kleur-groen","12":"pa_maat-small","13":"pa_maat-medium","14":"pa_maat-large","15":"pa_maat-x-large","16":"pa_maat-xx-large","17":"pa_maat-xxx-large","18":"pa_maat-xxxx-large","20":"first","21":"instock","22":"sale","23":"taxable","24":"shipping-taxable","25":"purchasable","26":"product-type-variable","27":"rtwpvs-product"},"acf":[],"yoast_head":"<!-- This site is optimized with the Yoast SEO plugin v26.6 - https:\/\/yoast.com\/wordpress\/plugins\/seo\/ -->\n<title>T-Shirt Footprints<\/title>\n<meta name=\"robots\" content=\"index, follow, max-snippet:-1, max-image-preview:large, max-video-preview:-1\" \/>\n<link rel=\"canonical\" href=\"https:\/\/wolfcamper.com\/nl\/product\/footprints\/\" \/>\n<meta property=\"og:locale\" content=\"nl_NL\" \/>\n<meta property=\"og:type\" content=\"article\" \/>\n<meta property=\"og:title\" content=\"T-Shirt Footprints\" \/>\n<meta property=\"og:description\" content=\"Sneldrogende shirts die het lichaamsvocht perfect afvoeren, gemaakt van Dri-fit\u00ae, Polygiene behandeld, verbazingwekkend zacht en comfortabel materiaal. In meerdere kleuren beschikbaar.\" \/>\n<meta property=\"og:url\" content=\"https:\/\/wolfcamper.com\/nl\/product\/footprints\/\" \/>\n<meta property=\"og:site_name\" content=\"Wolf Camper\" \/>\n<meta property=\"article:modified_time\" content=\"2026-04-30T14:46:20+00:00\" \/>\n<meta property=\"og:image\" content=\"https:\/\/wolfcamper.com\/nl\/wp-content\/uploads\/2021\/05\/footprints-samlet-2.png\" \/>\n\t<meta property=\"og:image:width\" content=\"600\" \/>\n\t<meta property=\"og:image:height\" content=\"600\" \/>\n\t<meta property=\"og:image:type\" content=\"image\/png\" \/>\n<meta name=\"twitter:card\" content=\"summary_large_image\" \/>\n<meta name=\"twitter:label1\" content=\"Geschatte leestijd\" \/>\n\t<meta name=\"twitter:data1\" content=\"1 minuut\" \/>\n<script type=\"application\/ld+json\" class=\"yoast-schema-graph\">{\"@context\":\"https:\/\/schema.org\",\"@graph\":[{\"@type\":\"WebPage\",\"@id\":\"https:\/\/wolfcamper.com\/nl\/product\/footprints\/\",\"url\":\"https:\/\/wolfcamper.com\/nl\/product\/footprints\/\",\"name\":\"T-Shirt Footprints\",\"isPartOf\":{\"@id\":\"https:\/\/wolfcamper.com\/nl\/#website\"},\"primaryImageOfPage\":{\"@id\":\"https:\/\/wolfcamper.com\/nl\/product\/footprints\/#primaryimage\"},\"image\":{\"@id\":\"https:\/\/wolfcamper.com\/nl\/product\/footprints\/#primaryimage\"},\"thumbnailUrl\":\"https:\/\/wolfcamper.com\/nl\/wp-content\/uploads\/2021\/05\/footprints-samlet-2.png\",\"datePublished\":\"2021-05-26T16:31:59+00:00\",\"dateModified\":\"2026-04-30T14:46:20+00:00\",\"breadcrumb\":{\"@id\":\"https:\/\/wolfcamper.com\/nl\/product\/footprints\/#breadcrumb\"},\"inLanguage\":\"nl-NL\",\"potentialAction\":[{\"@type\":\"ReadAction\",\"target\":[\"https:\/\/wolfcamper.com\/nl\/product\/footprints\/\"]}]},{\"@type\":\"ImageObject\",\"inLanguage\":\"nl-NL\",\"@id\":\"https:\/\/wolfcamper.com\/nl\/product\/footprints\/#primaryimage\",\"url\":\"https:\/\/wolfcamper.com\/nl\/wp-content\/uploads\/2021\/05\/footprints-samlet-2.png\",\"contentUrl\":\"https:\/\/wolfcamper.com\/nl\/wp-content\/uploads\/2021\/05\/footprints-samlet-2.png\",\"width\":600,\"height\":600},{\"@type\":\"BreadcrumbList\",\"@id\":\"https:\/\/wolfcamper.com\/nl\/product\/footprints\/#breadcrumb\",\"itemListElement\":[{\"@type\":\"ListItem\",\"position\":1,\"name\":\"Home\",\"item\":\"https:\/\/wolfcamper.com\/nl\/\"},{\"@type\":\"ListItem\",\"position\":2,\"name\":\"Winkel\",\"item\":\"https:\/\/wolfcamper.com\/nl\/winkel\/\"},{\"@type\":\"ListItem\",\"position\":3,\"name\":\"Footprints\"}]},{\"@type\":\"WebSite\",\"@id\":\"https:\/\/wolfcamper.com\/nl\/#website\",\"url\":\"https:\/\/wolfcamper.com\/nl\/\",\"name\":\"Wolf Camper\",\"description\":\"Wolf Camper\",\"potentialAction\":[{\"@type\":\"SearchAction\",\"target\":{\"@type\":\"EntryPoint\",\"urlTemplate\":\"https:\/\/wolfcamper.com\/nl\/?s={search_term_string}\"},\"query-input\":{\"@type\":\"PropertyValueSpecification\",\"valueRequired\":true,\"valueName\":\"search_term_string\"}}],\"inLanguage\":\"nl-NL\"}]}<\/script>\n<!-- \/ Yoast SEO plugin. -->","yoast_head_json":{"title":"T-Shirt Footprints","robots":{"index":"index","follow":"follow","max-snippet":"max-snippet:-1","max-image-preview":"max-image-preview:large","max-video-preview":"max-video-preview:-1"},"canonical":"https:\/\/wolfcamper.com\/nl\/product\/footprints\/","og_locale":"nl_NL","og_type":"article","og_title":"T-Shirt Footprints","og_description":"Sneldrogende shirts die het lichaamsvocht perfect afvoeren, gemaakt van Dri-fit\u00ae, Polygiene behandeld, verbazingwekkend zacht en comfortabel materiaal. In meerdere kleuren beschikbaar.","og_url":"https:\/\/wolfcamper.com\/nl\/product\/footprints\/","og_site_name":"Wolf Camper","article_modified_time":"2026-04-30T14:46:20+00:00","og_image":[{"width":600,"height":600,"url":"https:\/\/wolfcamper.com\/nl\/wp-content\/uploads\/2021\/05\/footprints-samlet-2.png","type":"image\/png"}],"twitter_card":"summary_large_image","twitter_misc":{"Geschatte leestijd":"1 minuut"},"schema":{"@context":"https:\/\/schema.org","@graph":[{"@type":"WebPage","@id":"https:\/\/wolfcamper.com\/nl\/product\/footprints\/","url":"https:\/\/wolfcamper.com\/nl\/product\/footprints\/","name":"T-Shirt Footprints","isPartOf":{"@id":"https:\/\/wolfcamper.com\/nl\/#website"},"primaryImageOfPage":{"@id":"https:\/\/wolfcamper.com\/nl\/product\/footprints\/#primaryimage"},"image":{"@id":"https:\/\/wolfcamper.com\/nl\/product\/footprints\/#primaryimage"},"thumbnailUrl":"https:\/\/wolfcamper.com\/nl\/wp-content\/uploads\/2021\/05\/footprints-samlet-2.png","datePublished":"2021-05-26T16:31:59+00:00","dateModified":"2026-04-30T14:46:20+00:00","breadcrumb":{"@id":"https:\/\/wolfcamper.com\/nl\/product\/footprints\/#breadcrumb"},"inLanguage":"nl-NL","potentialAction":[{"@type":"ReadAction","target":["https:\/\/wolfcamper.com\/nl\/product\/footprints\/"]}]},{"@type":"ImageObject","inLanguage":"nl-NL","@id":"https:\/\/wolfcamper.com\/nl\/product\/footprints\/#primaryimage","url":"https:\/\/wolfcamper.com\/nl\/wp-content\/uploads\/2021\/05\/footprints-samlet-2.png","contentUrl":"https:\/\/wolfcamper.com\/nl\/wp-content\/uploads\/2021\/05\/footprints-samlet-2.png","width":600,"height":600},{"@type":"BreadcrumbList","@id":"https:\/\/wolfcamper.com\/nl\/product\/footprints\/#breadcrumb","itemListElement":[{"@type":"ListItem","position":1,"name":"Home","item":"https:\/\/wolfcamper.com\/nl\/"},{"@type":"ListItem","position":2,"name":"Winkel","item":"https:\/\/wolfcamper.com\/nl\/winkel\/"},{"@type":"ListItem","position":3,"name":"Footprints"}]},{"@type":"WebSite","@id":"https:\/\/wolfcamper.com\/nl\/#website","url":"https:\/\/wolfcamper.com\/nl\/","name":"Wolf Camper","description":"Wolf Camper","potentialAction":[{"@type":"SearchAction","target":{"@type":"EntryPoint","urlTemplate":"https:\/\/wolfcamper.com\/nl\/?s={search_term_string}"},"query-input":{"@type":"PropertyValueSpecification","valueRequired":true,"valueName":"search_term_string"}}],"inLanguage":"nl-NL"}]}},"_links":{"self":[{"href":"https:\/\/wolfcamper.com\/nl\/wp-json\/wp\/v2\/product\/33584","targetHints":{"allow":["GET"]}}],"collection":[{"href":"https:\/\/wolfcamper.com\/nl\/wp-json\/wp\/v2\/product"}],"about":[{"href":"https:\/\/wolfcamper.com\/nl\/wp-json\/wp\/v2\/types\/product"}],"wp:featuredmedia":[{"embeddable":true,"href":"https:\/\/wolfcamper.com\/nl\/wp-json\/wp\/v2\/media\/23476"}],"wp:attachment":[{"href":"https:\/\/wolfcamper.com\/nl\/wp-json\/wp\/v2\/media?parent=33584"}],"wp:term":[{"taxonomy":"product_cat","embeddable":true,"href":"https:\/\/wolfcamper.com\/nl\/wp-json\/wp\/v2\/product_cat?post=33584"},{"taxonomy":"product_tag","embeddable":true,"href":"https:\/\/wolfcamper.com\/nl\/wp-json\/wp\/v2\/product_tag?post=33584"}],"curies":[{"name":"wp","href":"https:\/\/api.w.org\/{rel}","templated":true}]}}