{"id":31833,"date":"2021-05-26T18:11:40","date_gmt":"2021-05-26T16:11:40","guid":{"rendered":"https:\/\/wolfcamper.com\/nl\/vare\/pawnee-heren-outdoorbroek\/"},"modified":"2025-08-26T09:01:40","modified_gmt":"2025-08-26T07:01:40","slug":"pawnee-heren-outdoorbroek","status":"publish","type":"product","link":"https:\/\/wolfcamper.com\/nl\/product\/pawnee-heren-outdoorbroek\/","title":{"rendered":"Pawnee heren outdoorbroek"},"content":{"rendered":"<p>De Pawnee is een combinatie tussen functionaliteit en comfort. Hij is waterafstotend, wat betekent dat hij bestand is tegen een lichte regenbui. Het materiaal is comfortabel, dankzij de zachte binnenkant dat erg fijn aanvoelt tegen de huid. Verder is het materiaal rekbaar waardoor het een comfortabele broek is met veel vrijheid om je in te bewegen. De Pawnee heeft twee voorzakken, \u00e9\u00e9n zijzak en \u00e9\u00e9n achterzak. Ook heeft de broek een extra zak waarin je spullen kan bewaren die je liever wilt verbergen. De Pawnee heeft versterkingen bij de enkels.<\/p>\n","protected":false},"excerpt":{"rendered":"<p>Comfortabele en warme broek.<br \/>\nDe Pawnee is een geweldige broek om te dragen in de kou.<\/p>\n","protected":false},"featured_media":31834,"template":"","meta":{"_acf_changed":false},"product_cat":[776,765],"product_tag":[],"class_list":{"0":"post-31833","1":"product","2":"type-product","3":"status-publish","4":"has-post-thumbnail","6":"product_cat-broeken-heren","7":"product_cat-herenkleding","8":"pa_maat-small","9":"pa_maat-medium","10":"pa_maat-large","11":"pa_maat-x-large","12":"pa_maat-xx-large","13":"pa_maat-xxx-large","15":"first","16":"instock","17":"sale","18":"taxable","19":"shipping-taxable","20":"purchasable","21":"product-type-variable","22":"rtwpvs-product"},"acf":[],"yoast_head":"<!-- This site is optimized with the Yoast SEO plugin v26.6 - https:\/\/yoast.com\/wordpress\/plugins\/seo\/ -->\n<title>pawnee oudoorbroek<\/title>\n<meta name=\"robots\" content=\"index, follow, max-snippet:-1, max-image-preview:large, max-video-preview:-1\" \/>\n<link rel=\"canonical\" href=\"https:\/\/wolfcamper.com\/nl\/product\/pawnee-heren-outdoorbroek\/\" \/>\n<meta property=\"og:locale\" content=\"nl_NL\" \/>\n<meta property=\"og:type\" content=\"article\" \/>\n<meta property=\"og:title\" content=\"pawnee oudoorbroek\" \/>\n<meta property=\"og:description\" content=\"Comfortabele en warme broek. De Pawnee is een geweldige broek om te dragen in de kou.\" \/>\n<meta property=\"og:url\" content=\"https:\/\/wolfcamper.com\/nl\/product\/pawnee-heren-outdoorbroek\/\" \/>\n<meta property=\"og:site_name\" content=\"Wolf Camper\" \/>\n<meta property=\"article:modified_time\" content=\"2025-08-26T07:01:40+00:00\" \/>\n<meta property=\"og:image\" content=\"https:\/\/wolfcamper.com\/nl\/wp-content\/uploads\/2021\/05\/pawnee-oliven-vinterbuks_6_1.png\" \/>\n\t<meta property=\"og:image:width\" content=\"650\" \/>\n\t<meta property=\"og:image:height\" content=\"650\" \/>\n\t<meta property=\"og:image:type\" content=\"image\/png\" \/>\n<meta name=\"twitter:card\" content=\"summary_large_image\" \/>\n<meta name=\"twitter:label1\" content=\"Geschatte leestijd\" \/>\n\t<meta name=\"twitter:data1\" content=\"1 minuut\" \/>\n<script type=\"application\/ld+json\" class=\"yoast-schema-graph\">{\"@context\":\"https:\/\/schema.org\",\"@graph\":[{\"@type\":\"WebPage\",\"@id\":\"https:\/\/wolfcamper.com\/nl\/product\/pawnee-heren-outdoorbroek\/\",\"url\":\"https:\/\/wolfcamper.com\/nl\/product\/pawnee-heren-outdoorbroek\/\",\"name\":\"pawnee oudoorbroek\",\"isPartOf\":{\"@id\":\"https:\/\/wolfcamper.com\/nl\/#website\"},\"primaryImageOfPage\":{\"@id\":\"https:\/\/wolfcamper.com\/nl\/product\/pawnee-heren-outdoorbroek\/#primaryimage\"},\"image\":{\"@id\":\"https:\/\/wolfcamper.com\/nl\/product\/pawnee-heren-outdoorbroek\/#primaryimage\"},\"thumbnailUrl\":\"https:\/\/wolfcamper.com\/nl\/wp-content\/uploads\/2021\/05\/pawnee-oliven-vinterbuks_6_1.png\",\"datePublished\":\"2021-05-26T16:11:40+00:00\",\"dateModified\":\"2025-08-26T07:01:40+00:00\",\"breadcrumb\":{\"@id\":\"https:\/\/wolfcamper.com\/nl\/product\/pawnee-heren-outdoorbroek\/#breadcrumb\"},\"inLanguage\":\"nl-NL\",\"potentialAction\":[{\"@type\":\"ReadAction\",\"target\":[\"https:\/\/wolfcamper.com\/nl\/product\/pawnee-heren-outdoorbroek\/\"]}]},{\"@type\":\"ImageObject\",\"inLanguage\":\"nl-NL\",\"@id\":\"https:\/\/wolfcamper.com\/nl\/product\/pawnee-heren-outdoorbroek\/#primaryimage\",\"url\":\"https:\/\/wolfcamper.com\/nl\/wp-content\/uploads\/2021\/05\/pawnee-oliven-vinterbuks_6_1.png\",\"contentUrl\":\"https:\/\/wolfcamper.com\/nl\/wp-content\/uploads\/2021\/05\/pawnee-oliven-vinterbuks_6_1.png\",\"width\":650,\"height\":650},{\"@type\":\"BreadcrumbList\",\"@id\":\"https:\/\/wolfcamper.com\/nl\/product\/pawnee-heren-outdoorbroek\/#breadcrumb\",\"itemListElement\":[{\"@type\":\"ListItem\",\"position\":1,\"name\":\"Home\",\"item\":\"https:\/\/wolfcamper.com\/nl\/\"},{\"@type\":\"ListItem\",\"position\":2,\"name\":\"Winkel\",\"item\":\"https:\/\/wolfcamper.com\/nl\/winkel\/\"},{\"@type\":\"ListItem\",\"position\":3,\"name\":\"Pawnee heren outdoorbroek\"}]},{\"@type\":\"WebSite\",\"@id\":\"https:\/\/wolfcamper.com\/nl\/#website\",\"url\":\"https:\/\/wolfcamper.com\/nl\/\",\"name\":\"Wolf Camper\",\"description\":\"Wolf Camper\",\"potentialAction\":[{\"@type\":\"SearchAction\",\"target\":{\"@type\":\"EntryPoint\",\"urlTemplate\":\"https:\/\/wolfcamper.com\/nl\/?s={search_term_string}\"},\"query-input\":{\"@type\":\"PropertyValueSpecification\",\"valueRequired\":true,\"valueName\":\"search_term_string\"}}],\"inLanguage\":\"nl-NL\"}]}<\/script>\n<!-- \/ Yoast SEO plugin. -->","yoast_head_json":{"title":"pawnee oudoorbroek","robots":{"index":"index","follow":"follow","max-snippet":"max-snippet:-1","max-image-preview":"max-image-preview:large","max-video-preview":"max-video-preview:-1"},"canonical":"https:\/\/wolfcamper.com\/nl\/product\/pawnee-heren-outdoorbroek\/","og_locale":"nl_NL","og_type":"article","og_title":"pawnee oudoorbroek","og_description":"Comfortabele en warme broek. De Pawnee is een geweldige broek om te dragen in de kou.","og_url":"https:\/\/wolfcamper.com\/nl\/product\/pawnee-heren-outdoorbroek\/","og_site_name":"Wolf Camper","article_modified_time":"2025-08-26T07:01:40+00:00","og_image":[{"width":650,"height":650,"url":"https:\/\/wolfcamper.com\/nl\/wp-content\/uploads\/2021\/05\/pawnee-oliven-vinterbuks_6_1.png","type":"image\/png"}],"twitter_card":"summary_large_image","twitter_misc":{"Geschatte leestijd":"1 minuut"},"schema":{"@context":"https:\/\/schema.org","@graph":[{"@type":"WebPage","@id":"https:\/\/wolfcamper.com\/nl\/product\/pawnee-heren-outdoorbroek\/","url":"https:\/\/wolfcamper.com\/nl\/product\/pawnee-heren-outdoorbroek\/","name":"pawnee oudoorbroek","isPartOf":{"@id":"https:\/\/wolfcamper.com\/nl\/#website"},"primaryImageOfPage":{"@id":"https:\/\/wolfcamper.com\/nl\/product\/pawnee-heren-outdoorbroek\/#primaryimage"},"image":{"@id":"https:\/\/wolfcamper.com\/nl\/product\/pawnee-heren-outdoorbroek\/#primaryimage"},"thumbnailUrl":"https:\/\/wolfcamper.com\/nl\/wp-content\/uploads\/2021\/05\/pawnee-oliven-vinterbuks_6_1.png","datePublished":"2021-05-26T16:11:40+00:00","dateModified":"2025-08-26T07:01:40+00:00","breadcrumb":{"@id":"https:\/\/wolfcamper.com\/nl\/product\/pawnee-heren-outdoorbroek\/#breadcrumb"},"inLanguage":"nl-NL","potentialAction":[{"@type":"ReadAction","target":["https:\/\/wolfcamper.com\/nl\/product\/pawnee-heren-outdoorbroek\/"]}]},{"@type":"ImageObject","inLanguage":"nl-NL","@id":"https:\/\/wolfcamper.com\/nl\/product\/pawnee-heren-outdoorbroek\/#primaryimage","url":"https:\/\/wolfcamper.com\/nl\/wp-content\/uploads\/2021\/05\/pawnee-oliven-vinterbuks_6_1.png","contentUrl":"https:\/\/wolfcamper.com\/nl\/wp-content\/uploads\/2021\/05\/pawnee-oliven-vinterbuks_6_1.png","width":650,"height":650},{"@type":"BreadcrumbList","@id":"https:\/\/wolfcamper.com\/nl\/product\/pawnee-heren-outdoorbroek\/#breadcrumb","itemListElement":[{"@type":"ListItem","position":1,"name":"Home","item":"https:\/\/wolfcamper.com\/nl\/"},{"@type":"ListItem","position":2,"name":"Winkel","item":"https:\/\/wolfcamper.com\/nl\/winkel\/"},{"@type":"ListItem","position":3,"name":"Pawnee heren outdoorbroek"}]},{"@type":"WebSite","@id":"https:\/\/wolfcamper.com\/nl\/#website","url":"https:\/\/wolfcamper.com\/nl\/","name":"Wolf Camper","description":"Wolf Camper","potentialAction":[{"@type":"SearchAction","target":{"@type":"EntryPoint","urlTemplate":"https:\/\/wolfcamper.com\/nl\/?s={search_term_string}"},"query-input":{"@type":"PropertyValueSpecification","valueRequired":true,"valueName":"search_term_string"}}],"inLanguage":"nl-NL"}]}},"_links":{"self":[{"href":"https:\/\/wolfcamper.com\/nl\/wp-json\/wp\/v2\/product\/31833","targetHints":{"allow":["GET"]}}],"collection":[{"href":"https:\/\/wolfcamper.com\/nl\/wp-json\/wp\/v2\/product"}],"about":[{"href":"https:\/\/wolfcamper.com\/nl\/wp-json\/wp\/v2\/types\/product"}],"wp:featuredmedia":[{"embeddable":true,"href":"https:\/\/wolfcamper.com\/nl\/wp-json\/wp\/v2\/media\/31834"}],"wp:attachment":[{"href":"https:\/\/wolfcamper.com\/nl\/wp-json\/wp\/v2\/media?parent=31833"}],"wp:term":[{"taxonomy":"product_cat","embeddable":true,"href":"https:\/\/wolfcamper.com\/nl\/wp-json\/wp\/v2\/product_cat?post=31833"},{"taxonomy":"product_tag","embeddable":true,"href":"https:\/\/wolfcamper.com\/nl\/wp-json\/wp\/v2\/product_tag?post=31833"}],"curies":[{"name":"wp","href":"https:\/\/api.w.org\/{rel}","templated":true}]}}